{"id":198,"date":"2014-08-08T07:11:40","date_gmt":"2014-08-08T05:11:40","guid":{"rendered":"http:\/\/kloesskoepf.de\/wordpress\/?page_id=198"},"modified":"2026-02-19T16:59:26","modified_gmt":"2026-02-19T15:59:26","slug":"termine","status":"publish","type":"page","link":"https:\/\/kloesskoepf.de\/?page_id=198","title":{"rendered":"Session 2026"},"content":{"rendered":"\nDie Session 2026 ist beendet.\nWir hatten eine n\u00e4rrische Session mit vielen au\u00dferordentlichen Highlights.<br>\nBeim Faschingszug des Karnevalsclubs Wombach war das Wetter am Faschingssontag \u00fcberraschend gut.<br>\nWir bedanken uns beim gesamten Organisationsteam, bei allen Aktiven, Helfern und Fotografen bei den Elferratssitzungen, beim Faschingszug und bei allen anderen KCW Veranstaltungen.<br>\nUnd ganz besonders bedanken wir uns bei Euch, die ihr die Veranstaltungen besucht habt. Denn nur, wenn ihr dabei seid und mit feiert, sind die Veranstaltungen ein voller Erfolg.<br>\nAlles Wichtige und die Bildergalerien findet Ihr in der MEDIATHEK. \n<!-- AddThis Advanced Settings generic via filter on the_content --><!-- AddThis Share Buttons generic via filter on the_content -->","protected":false},"excerpt":{"rendered":"<p>Die Session 2026 ist beendet. Wir hatten eine n\u00e4rrische Session mit vielen au\u00dferordentlichen Highlights. Beim Faschingszug des Karnevalsclubs Wombach war das Wetter am Faschingssontag \u00fcberraschend gut. Wir bedanken uns beim gesamten Organisationsteam, bei allen Aktiven, Helfern und Fotografen bei den Elferratssitzungen, beim Faschingszug und bei allen anderen KCW Veranstaltungen. Und ganz besonders bedanken wir uns [&hellip;]<!-- AddThis Advanced Settings generic via filter on get_the_excerpt --><!-- AddThis Share Buttons generic via filter on get_the_excerpt --><\/p>\n","protected":false},"author":1,"featured_media":0,"parent":0,"menu_order":2,"comment_status":"closed","ping_status":"closed","template":"","meta":{"ngg_post_thumbnail":0,"footnotes":""},"class_list":["post-198","page","type-page","status-publish","hentry"],"_links":{"self":[{"href":"https:\/\/kloesskoepf.de\/index.php?rest_route=\/wp\/v2\/pages\/198","targetHints":{"allow":["GET"]}}],"collection":[{"href":"https:\/\/kloesskoepf.de\/index.php?rest_route=\/wp\/v2\/pages"}],"about":[{"href":"https:\/\/kloesskoepf.de\/index.php?rest_route=\/wp\/v2\/types\/page"}],"author":[{"embeddable":true,"href":"https:\/\/kloesskoepf.de\/index.php?rest_route=\/wp\/v2\/users\/1"}],"replies":[{"embeddable":true,"href":"https:\/\/kloesskoepf.de\/index.php?rest_route=%2Fwp%2Fv2%2Fcomments&post=198"}],"version-history":[{"count":184,"href":"https:\/\/kloesskoepf.de\/index.php?rest_route=\/wp\/v2\/pages\/198\/revisions"}],"predecessor-version":[{"id":3892,"href":"https:\/\/kloesskoepf.de\/index.php?rest_route=\/wp\/v2\/pages\/198\/revisions\/3892"}],"wp:attachment":[{"href":"https:\/\/kloesskoepf.de\/index.php?rest_route=%2Fwp%2Fv2%2Fmedia&parent=198"}],"curies":[{"name":"wp","href":"https:\/\/api.w.org\/{rel}","templated":true}]}}