{"id":416,"date":"2013-02-11T07:40:49","date_gmt":"2013-02-11T06:40:49","guid":{"rendered":"http:\/\/kloesskoepf.de\/wordpress\/?page_id=416"},"modified":"2026-01-10T09:39:55","modified_gmt":"2026-01-10T08:39:55","slug":"416-2","status":"publish","type":"page","link":"https:\/\/kloesskoepf.de\/","title":{"rendered":""},"content":{"rendered":"<p><a href=\"https:\/\/kloesskoepf.de\/wp-content\/uploads\/2025\/12\/2026-940x940-1.jpg\"><img loading=\"lazy\" decoding=\"async\" class=\"aligncenter size-medium wp-image-3861\" src=\"https:\/\/kloesskoepf.de\/wp-content\/uploads\/2025\/12\/2026-940x940-1-300x300.jpg\" alt=\"\" width=\"500\" height=\"500\" srcset=\"https:\/\/kloesskoepf.de\/wp-content\/uploads\/2025\/12\/2026-940x940-1-300x300.jpg 300w, https:\/\/kloesskoepf.de\/wp-content\/uploads\/2025\/12\/2026-940x940-1-150x150.jpg 150w, https:\/\/kloesskoepf.de\/wp-content\/uploads\/2025\/12\/2026-940x940-1-768x768.jpg 768w, https:\/\/kloesskoepf.de\/wp-content\/uploads\/2025\/12\/2026-940x940-1-624x624.jpg 624w, https:\/\/kloesskoepf.de\/wp-content\/uploads\/2025\/12\/2026-940x940-1.jpg 940w\" sizes=\"auto, (max-width: 500px) 100vw, 500px\" \/><\/a><\/p>\n\n\n<p class=\"has-text-align-center\"><strong>Unser Motto 2026:<\/strong><br>Kl\u00f6assk\u00f6pf Foasenoacht<br>do g\u00e4ern mer hi &#8211;<br>Humor und Tanz ohne KI !<\/p>\n\n\n<p><!-- \/wp:post-content --><\/p>\n<p><!-- wp:table --><\/p>\n<figure class=\"wp-block-table\">\n<table class=\"has-fixed-layout\">\n<tbody>\n<tr>\n<td>\n<figure><img decoding=\"async\" src=\"https:\/\/www.kloesskoepf.de\/images\/Bleistift-34x40.jpg\" alt=\"\"><\/figure>\n<p><a href=\"https:\/\/kloesskoepf.de\/2026\/anmeldung-faschingszug.pdf\" target=\"_blank\" rel=\"noopener\">Anmeldeformular zum KCW Faschingszug<\/a><\/p>\n<\/td>\n<\/tr>\n<\/tbody>\n<\/table>\n<\/figure>\n<p><!-- \/wp:table --><\/p>\n<p><!-- wp:paragraph --><\/p>\n<p>Auf unserer Homepage gibt es Infos \u00fcber aktuelle Themen unseres Faschingvereins, viele Bilder aus den Veranstaltungen, sowie alles Wissenswerte \u00fcber den Verein seit der Gr\u00fcndung im Jahr 1978.<\/p>\n<p><!-- \/wp:paragraph --><\/p>\n<p><!-- \/wp:group --><\/p><!-- AddThis Advanced Settings generic via filter on the_content --><!-- AddThis Share Buttons generic via filter on the_content -->","protected":false},"excerpt":{"rendered":"<p>Unser Motto 2026:Kl\u00f6assk\u00f6pf Foasenoachtdo g\u00e4ern mer hi &#8211;Humor und Tanz ohne KI ! Anmeldeformular zum KCW Faschingszug Auf unserer Homepage gibt es Infos \u00fcber aktuelle Themen unseres Faschingvereins, viele Bilder aus den Veranstaltungen, sowie alles Wissenswerte \u00fcber den Verein seit der Gr\u00fcndung im Jahr 1978.<!-- AddThis Advanced Settings generic via filter on get_the_excerpt --><!-- AddThis Share Buttons generic via filter on get_the_excerpt --><\/p>\n","protected":false},"author":1,"featured_media":0,"parent":0,"menu_order":0,"comment_status":"closed","ping_status":"open","template":"","meta":{"ngg_post_thumbnail":0,"footnotes":""},"class_list":["post-416","page","type-page","status-publish","hentry"],"_links":{"self":[{"href":"https:\/\/kloesskoepf.de\/index.php?rest_route=\/wp\/v2\/pages\/416","targetHints":{"allow":["GET"]}}],"collection":[{"href":"https:\/\/kloesskoepf.de\/index.php?rest_route=\/wp\/v2\/pages"}],"about":[{"href":"https:\/\/kloesskoepf.de\/index.php?rest_route=\/wp\/v2\/types\/page"}],"author":[{"embeddable":true,"href":"https:\/\/kloesskoepf.de\/index.php?rest_route=\/wp\/v2\/users\/1"}],"replies":[{"embeddable":true,"href":"https:\/\/kloesskoepf.de\/index.php?rest_route=%2Fwp%2Fv2%2Fcomments&post=416"}],"version-history":[{"count":145,"href":"https:\/\/kloesskoepf.de\/index.php?rest_route=\/wp\/v2\/pages\/416\/revisions"}],"predecessor-version":[{"id":3879,"href":"https:\/\/kloesskoepf.de\/index.php?rest_route=\/wp\/v2\/pages\/416\/revisions\/3879"}],"wp:attachment":[{"href":"https:\/\/kloesskoepf.de\/index.php?rest_route=%2Fwp%2Fv2%2Fmedia&parent=416"}],"curies":[{"name":"wp","href":"https:\/\/api.w.org\/{rel}","templated":true}]}}