{"id":600,"date":"2013-02-19T10:17:08","date_gmt":"2013-02-19T09:17:08","guid":{"rendered":"http:\/\/kloesskoepf.de\/wordpress\/?page_id=600"},"modified":"2023-05-22T20:40:31","modified_gmt":"2023-05-22T18:40:31","slug":"impressum","status":"publish","type":"page","link":"https:\/\/kloesskoepf.de\/?page_id=600","title":{"rendered":"Impressum, Haftungsausschluss"},"content":{"rendered":"<p><em>Angaben gem\u00e4\u00df \u00a7 5 TMG:<\/em><br \/>\n<strong>KCW Karnevals Club Wombach e. V.<\/strong><br \/>\nBachstrasse 21<br \/>\n97816 Lohr<br \/>\nVertreten durch:<br \/>\nEgbert Roth (1. Vorsitzender)<\/p>\n<p><em>Kontakt<\/em><br \/>\nTelefon: +49 9352 2905<br \/>\nE-Mail: info(at)kloesskoepf.de<\/p>\n<p><em>Registereintrag:<\/em><br \/>\nEintragung im Vereinsregister;<br \/>\nRegistergericht: Amtsgericht W\u00fcrzburg, Ottostra\u00dfe 5<br \/>\nRegisternummer: VR 30740<\/p>\n<p>Lastschrifteinzug:<br \/>\nDie Gl\u00e4ubiger-ID lautet: DE43ZZZ0000060235030<\/p>\n<p><em>Verantwortlich f\u00fcr den Inhalt nach \u00a7 55 Abs. 2 RStV:<\/em><br \/>\n<strong>KCW Karnevals Club Wombach e. V.<\/strong><br \/>\nBachstrasse 21<br \/>\n97816 Lohr<br \/>\nVertreten durch:<br \/>\nEgbert Roth (1. Vorsitzender)<\/p>\n<p><em>Gestaltung der Internetseiten:<\/em><br \/>\nHubert Perkuhn<br \/>\nBergwiesenstr. 54<br \/>\n97816 Lohr<br \/>\nE-Mail: webmaster(at)kloesskoepf.de<br \/>\nund<br \/>\nDominik Hofmann<br \/>\nFarnwiesenweg 2<br \/>\n97816 Lohr a. Main<br \/>\nE-mail: dominik(at)hofmann-wb.de<\/p>\n<p><em>Vorstand des KCW Karnevals Club wombach e.V.<\/em><\/p>\n<p>Funktion&nbsp;&nbsp;&nbsp;&nbsp;&nbsp;&nbsp;&nbsp;&nbsp;&nbsp;&nbsp;&nbsp; Name&nbsp;&nbsp;&nbsp;&nbsp;&nbsp;&nbsp;&nbsp;&nbsp;&nbsp;&nbsp; E-Mail<br \/>\n1. Vorsitzender Egbert Roth info(at)kloesskoepf.de<\/p>\n<p><a title=\"Beitrittserkl\u00e4rung\" href=\"http:\/\/www.kloesskoepf.de\/?page_id=256\">zur Beitrittserkl\u00e4rung<\/a><\/p>\n<p>&nbsp;<br \/>\n<strong>Streitschlichtung<\/strong><\/p>\n<p>Die Europ\u00e4ische Kommission stellt eine Plattform zur Online-Streitbeilegung (OS) bereit: https:\/\/ec.europa.eu\/consumers\/odr<br \/>\n.<br \/>\nUnsere E-Mail-Adresse finden Sie oben im Impressum.<br \/>\nWir sind nicht bereit oder verpflichtet, an Streitbeilegungsverfahren vor einer Verbraucherschlichtungsstelle teilzunehmen.<\/p>\n<p><strong>Haftung f\u00fcr Inhalte<\/strong><\/p>\n<p>Als Diensteanbieter sind wir gem\u00e4\u00df \u00a7 7 Abs.1 TMG f\u00fcr eigene Inhalte auf diesen Seiten nach den allgemeinen Gesetzen verantwortlich. Nach \u00a7\u00a7 8 bis 10 TMG sind wir als Diensteanbieter jedoch nicht verpflichtet, \u00fcbermittelte oder gespeicherte fremde Informationen zu \u00fcberwachen oder nach Umst\u00e4nden zu forschen, die auf eine rechtswidrige T\u00e4tigkeit hinweisen.<br \/>\nVerpflichtungen zur Entfernung oder Sperrung der Nutzung von Informationen nach den allgemeinen Gesetzen bleiben hiervon unber\u00fchrt. Eine diesbez\u00fcgliche Haftung ist jedoch erst ab dem Zeitpunkt der Kenntnis einer konkreten Rechtsverletzung m\u00f6glich. Bei Bekanntwerden von entsprechenden Rechtsverletzungen werden wir diese Inhalte umgehend entfernen.<\/p>\n<p><strong>Haftung f\u00fcr Links<\/strong><\/p>\n<p>Unser Angebot enth\u00e4lt Links zu externen Websites Dritter, auf deren Inhalte wir keinen Einfluss haben. Deshalb k\u00f6nnen wir f\u00fcr diese fremden Inhalte auch keine Gew\u00e4hr \u00fcbernehmen. F\u00fcr die Inhalte der verlinkten Seiten ist stets der jeweilige Anbieter oder Betreiber der Seiten verantwortlich. Die verlinkten Seiten wurden zum Zeitpunkt der Verlinkung auf m\u00f6gliche Rechtsverst\u00f6\u00dfe \u00fcberpr\u00fcft. Rechtswidrige Inhalte waren zum Zeitpunkt der Verlinkung nicht erkennbar.<br \/>\nEine permanente inhaltliche Kontrolle der verlinkten Seiten ist jedoch ohne konkrete Anhaltspunkte einer Rechtsverletzung nicht zumutbar. Bei Bekanntwerden von Rechtsverletzungen werden wir derartige Links umgehend entfernen.<\/p>\n<p><strong>Urheberrecht<\/strong><\/p>\n<p>Die durch die Seitenbetreiber erstellten Inhalte und Werke auf diesen Seiten unterliegen dem deutschen Urheberrecht. Die Vervielf\u00e4ltigung, Bearbeitung, Verbreitung und jede Art der Verwertung au\u00dferhalb der Grenzen des Urheberrechtes bed\u00fcrfen der schriftlichen Zustimmung des jeweiligen Autors bzw. Erstellers.<br \/>\nDownloads und Kopien dieser Seite sind nur f\u00fcr den privaten, nicht kommerziellen Gebrauch gestattet.<br \/>\nSoweit die Inhalte auf dieser Seite nicht vom Betreiber erstellt wurden, werden die Urheberrechte Dritter beachtet. Insbesondere werden Inhalte Dritter als solche gekennzeichnet. Sollten Sie trotzdem auf eine Urheberrechtsverletzung aufmerksam werden, bitten wir um einen entsprechenden Hinweis. Bei Bekanntwerden von Rechtsverletzungen werden wir derartige Inhalte umgehend entfernen.<\/p>\n<p>Quelle:<br \/>\neRecht24<\/p>\n<!-- AddThis Advanced Settings generic via filter on the_content --><!-- AddThis Share Buttons generic via filter on the_content -->","protected":false},"excerpt":{"rendered":"<p>Angaben gem\u00e4\u00df \u00a7 5 TMG: KCW Karnevals Club Wombach e. V. Bachstrasse 21 97816 Lohr Vertreten durch: Egbert Roth (1. Vorsitzender) Kontakt Telefon: +49 9352 2905 E-Mail: info(at)kloesskoepf.de Registereintrag: Eintragung im Vereinsregister; Registergericht: Amtsgericht W\u00fcrzburg, Ottostra\u00dfe 5 Registernummer: VR 30740 Lastschrifteinzug: Die Gl\u00e4ubiger-ID lautet: DE43ZZZ0000060235030 Verantwortlich f\u00fcr den Inhalt nach \u00a7 55 Abs. 2 RStV: [&hellip;]<!-- AddThis Advanced Settings generic via filter on get_the_excerpt --><!-- AddThis Share Buttons generic via filter on get_the_excerpt --><\/p>\n","protected":false},"author":1,"featured_media":642,"parent":599,"menu_order":1,"comment_status":"closed","ping_status":"closed","template":"page-templates\/front-page.php","meta":{"ngg_post_thumbnail":0,"footnotes":""},"class_list":["post-600","page","type-page","status-publish","has-post-thumbnail","hentry"],"_links":{"self":[{"href":"https:\/\/kloesskoepf.de\/index.php?rest_route=\/wp\/v2\/pages\/600","targetHints":{"allow":["GET"]}}],"collection":[{"href":"https:\/\/kloesskoepf.de\/index.php?rest_route=\/wp\/v2\/pages"}],"about":[{"href":"https:\/\/kloesskoepf.de\/index.php?rest_route=\/wp\/v2\/types\/page"}],"author":[{"embeddable":true,"href":"https:\/\/kloesskoepf.de\/index.php?rest_route=\/wp\/v2\/users\/1"}],"replies":[{"embeddable":true,"href":"https:\/\/kloesskoepf.de\/index.php?rest_route=%2Fwp%2Fv2%2Fcomments&post=600"}],"version-history":[{"count":14,"href":"https:\/\/kloesskoepf.de\/index.php?rest_route=\/wp\/v2\/pages\/600\/revisions"}],"predecessor-version":[{"id":3682,"href":"https:\/\/kloesskoepf.de\/index.php?rest_route=\/wp\/v2\/pages\/600\/revisions\/3682"}],"up":[{"embeddable":true,"href":"https:\/\/kloesskoepf.de\/index.php?rest_route=\/wp\/v2\/pages\/599"}],"wp:featuredmedia":[{"embeddable":true,"href":"https:\/\/kloesskoepf.de\/index.php?rest_route=\/wp\/v2\/media\/642"}],"wp:attachment":[{"href":"https:\/\/kloesskoepf.de\/index.php?rest_route=%2Fwp%2Fv2%2Fmedia&parent=600"}],"curies":[{"name":"wp","href":"https:\/\/api.w.org\/{rel}","templated":true}]}}